{"id":11,"date":"2024-06-22T21:13:10","date_gmt":"2024-06-22T19:13:10","guid":{"rendered":"https:\/\/wfacr.dev.ethercloud.io\/?page_id=11"},"modified":"2024-06-22T21:13:10","modified_gmt":"2024-06-22T19:13:10","slug":"o-nas","status":"publish","type":"page","link":"https:\/\/wfacr.dev.ethercloud.io\/?page_id=11","title":{"rendered":"O n\u00e1s"},"content":{"rendered":"\n<p>Mo\u017en\u00e1 jste um\u011blec a r\u00e1d byste zde p\u0159edstavil sebe a svoji pr\u00e1ci nebo podnik\u00e1te a chcete popsat sv\u016fj obchodn\u00ed z\u00e1m\u011br.<\/p>\n","protected":false},"excerpt":{"rendered":"<p>Mo\u017en\u00e1 jste um\u011blec a r\u00e1d byste zde p\u0159edstavil sebe a svoji pr\u00e1ci nebo podnik\u00e1te a chcete popsat sv\u016fj obchodn\u00ed z\u00e1m\u011br.<\/p>\n","protected":false},"author":3,"featured_media":0,"parent":0,"menu_order":0,"comment_status":"closed","ping_status":"closed","template":"","meta":{"footnotes":""},"class_list":["post-11","page","type-page","status-publish","hentry"],"_links":{"self":[{"href":"https:\/\/wfacr.dev.ethercloud.io\/index.php?rest_route=\/wp\/v2\/pages\/11","targetHints":{"allow":["GET"]}}],"collection":[{"href":"https:\/\/wfacr.dev.ethercloud.io\/index.php?rest_route=\/wp\/v2\/pages"}],"about":[{"href":"https:\/\/wfacr.dev.ethercloud.io\/index.php?rest_route=\/wp\/v2\/types\/page"}],"author":[{"embeddable":true,"href":"https:\/\/wfacr.dev.ethercloud.io\/index.php?rest_route=\/wp\/v2\/users\/3"}],"replies":[{"embeddable":true,"href":"https:\/\/wfacr.dev.ethercloud.io\/index.php?rest_route=%2Fwp%2Fv2%2Fcomments&post=11"}],"version-history":[{"count":1,"href":"https:\/\/wfacr.dev.ethercloud.io\/index.php?rest_route=\/wp\/v2\/pages\/11\/revisions"}],"predecessor-version":[{"id":18,"href":"https:\/\/wfacr.dev.ethercloud.io\/index.php?rest_route=\/wp\/v2\/pages\/11\/revisions\/18"}],"wp:attachment":[{"href":"https:\/\/wfacr.dev.ethercloud.io\/index.php?rest_route=%2Fwp%2Fv2%2Fmedia&parent=11"}],"curies":[{"name":"wp","href":"https:\/\/api.w.org\/{rel}","templated":true}]}}