{"id":12,"date":"2024-06-22T21:13:10","date_gmt":"2024-06-22T19:13:10","guid":{"rendered":"https:\/\/wfacr.dev.ethercloud.io\/?page_id=12"},"modified":"2024-06-22T21:13:10","modified_gmt":"2024-06-22T19:13:10","slug":"kontakt","status":"publish","type":"page","link":"https:\/\/wfacr.dev.ethercloud.io\/?page_id=12","title":{"rendered":"Kontakt"},"content":{"rendered":"\n<p>Tato str\u00e1nka obsahuje n\u011bkolik z\u00e1kladn\u00edch kontaktn\u00edch informac\u00ed, nap\u0159\u00edklad adresu a telefonn\u00ed \u010d\u00edslo. M\u016f\u017eete tak\u00e9 vyzkou\u0161et plugin pro p\u0159id\u00e1n\u00ed kontaktn\u00ed formul\u00e1\u0159e.<\/p>\n","protected":false},"excerpt":{"rendered":"<p>Tato str\u00e1nka obsahuje n\u011bkolik z\u00e1kladn\u00edch kontaktn\u00edch informac\u00ed, nap\u0159\u00edklad adresu a telefonn\u00ed \u010d\u00edslo. M\u016f\u017eete tak\u00e9 vyzkou\u0161et plugin pro p\u0159id\u00e1n\u00ed kontaktn\u00ed formul\u00e1\u0159e.<\/p>\n","protected":false},"author":3,"featured_media":0,"parent":0,"menu_order":0,"comment_status":"closed","ping_status":"closed","template":"","meta":{"footnotes":""},"class_list":["post-12","page","type-page","status-publish","hentry"],"_links":{"self":[{"href":"https:\/\/wfacr.dev.ethercloud.io\/index.php?rest_route=\/wp\/v2\/pages\/12","targetHints":{"allow":["GET"]}}],"collection":[{"href":"https:\/\/wfacr.dev.ethercloud.io\/index.php?rest_route=\/wp\/v2\/pages"}],"about":[{"href":"https:\/\/wfacr.dev.ethercloud.io\/index.php?rest_route=\/wp\/v2\/types\/page"}],"author":[{"embeddable":true,"href":"https:\/\/wfacr.dev.ethercloud.io\/index.php?rest_route=\/wp\/v2\/users\/3"}],"replies":[{"embeddable":true,"href":"https:\/\/wfacr.dev.ethercloud.io\/index.php?rest_route=%2Fwp%2Fv2%2Fcomments&post=12"}],"version-history":[{"count":1,"href":"https:\/\/wfacr.dev.ethercloud.io\/index.php?rest_route=\/wp\/v2\/pages\/12\/revisions"}],"predecessor-version":[{"id":19,"href":"https:\/\/wfacr.dev.ethercloud.io\/index.php?rest_route=\/wp\/v2\/pages\/12\/revisions\/19"}],"wp:attachment":[{"href":"https:\/\/wfacr.dev.ethercloud.io\/index.php?rest_route=%2Fwp%2Fv2%2Fmedia&parent=12"}],"curies":[{"name":"wp","href":"https:\/\/api.w.org\/{rel}","templated":true}]}}