{"id":36,"date":"2024-06-22T21:15:38","date_gmt":"2024-06-22T19:15:38","guid":{"rendered":"https:\/\/wfacr.dev.ethercloud.io\/?page_id=36"},"modified":"2024-08-27T15:57:29","modified_gmt":"2024-08-27T13:57:29","slug":"uvodni-stranka","status":"publish","type":"page","link":"https:\/\/wfacr.dev.ethercloud.io\/","title":{"rendered":"Fotbal v ch\u016fzi"},"content":{"rendered":"\n<p class=\"has-text-align-center\"><strong>Fotbal v&nbsp;ch\u016fzi (tedy bez b\u011bh\u00e1n\u00ed) nab\u00edz\u00ed pohyb a&nbsp;z\u00e1bavu v\u0161em, kte\u0159\u00ed by u\u017e vzhledem k&nbsp;v\u011bku \u010di zdravotn\u00edm a&nbsp;pohybov\u00fdm probl\u00e9m\u016fm nemohli provozovat klasick\u00fd fotbal.<\/strong><\/p>\n\n\n\n<p><\/p>\n\n\n\n<figure class=\"wp-block-image size-large\"><img loading=\"lazy\" decoding=\"async\" width=\"1024\" height=\"770\" src=\"https:\/\/wfacr.dev.ethercloud.io\/wp-content\/uploads\/2024\/06\/image-1024x770.png\" alt=\"\" class=\"wp-image-40\" srcset=\"https:\/\/wfacr.dev.ethercloud.io\/wp-content\/uploads\/2024\/06\/image-1024x770.png 1024w, https:\/\/wfacr.dev.ethercloud.io\/wp-content\/uploads\/2024\/06\/image-300x226.png 300w, https:\/\/wfacr.dev.ethercloud.io\/wp-content\/uploads\/2024\/06\/image-768x577.png 768w, https:\/\/wfacr.dev.ethercloud.io\/wp-content\/uploads\/2024\/06\/image.png 1200w\" sizes=\"auto, (max-width: 1024px) 100vw, 1024px\" \/><\/figure>\n\n\n\n<p><\/p>\n\n\n\n<div class=\"wp-block-buttons is-content-justification-center is-layout-flex wp-container-core-buttons-is-layout-16018d1d wp-block-buttons-is-layout-flex\">\n<div class=\"wp-block-button\"><a class=\"wp-block-button__link wp-element-button\" href=\"https:\/\/walkingfotbal.eu\/?f=wfacr\">ZJISTIT V\u00cdCE<\/a><\/div>\n<\/div>\n\n\n\n<figure class=\"wp-block-embed is-type-wp-embed is-provider-wfa-r wp-block-embed-wfa-r\"><div class=\"wp-block-embed__wrapper\">\n<blockquote class=\"wp-embedded-content\" data-secret=\"H4Au6oP8Zq\"><a href=\"https:\/\/wfacr.dev.ethercloud.io\/?p=49\">VI. Mistrovstv\u00ed \u010cR seniorsk\u00e9ho fotbalu vyhr\u00e1l t\u00fdm CFPA<\/a><\/blockquote><iframe loading=\"lazy\" class=\"wp-embedded-content\" sandbox=\"allow-scripts\" security=\"restricted\" style=\"position: absolute; visibility: hidden;\" title=\"&#8222;VI. Mistrovstv\u00ed \u010cR seniorsk\u00e9ho fotbalu vyhr\u00e1l t\u00fdm CFPA&#8220; &#8212; WFA\u010cR\" src=\"https:\/\/wfacr.dev.ethercloud.io\/?p=49&#038;embed=true#?secret=KaZNvthHmq#?secret=H4Au6oP8Zq\" data-secret=\"H4Au6oP8Zq\" width=\"580\" height=\"327\" frameborder=\"0\" marginwidth=\"0\" marginheight=\"0\" scrolling=\"no\"><\/iframe>\n<\/div><figcaption class=\"wp-element-caption\">Kliknut\u00edm na titulek zobraz\u00edte v\u00edce<\/figcaption><\/figure>\n","protected":false},"excerpt":{"rendered":"<p>Fotbal v&nbsp;ch\u016fzi (tedy bez b\u011bh\u00e1n\u00ed) nab\u00edz\u00ed pohyb a&nbsp;z\u00e1bavu v\u0161em, kte\u0159\u00ed by u\u017e vzhledem k&nbsp;v\u011bku \u010di zdravotn\u00edm a&nbsp;pohybov\u00fdm probl\u00e9m\u016fm nemohli provozovat klasick\u00fd fotbal.<\/p>\n","protected":false},"author":3,"featured_media":0,"parent":0,"menu_order":0,"comment_status":"closed","ping_status":"closed","template":"","meta":{"footnotes":""},"class_list":["post-36","page","type-page","status-publish","hentry"],"_links":{"self":[{"href":"https:\/\/wfacr.dev.ethercloud.io\/index.php?rest_route=\/wp\/v2\/pages\/36","targetHints":{"allow":["GET"]}}],"collection":[{"href":"https:\/\/wfacr.dev.ethercloud.io\/index.php?rest_route=\/wp\/v2\/pages"}],"about":[{"href":"https:\/\/wfacr.dev.ethercloud.io\/index.php?rest_route=\/wp\/v2\/types\/page"}],"author":[{"embeddable":true,"href":"https:\/\/wfacr.dev.ethercloud.io\/index.php?rest_route=\/wp\/v2\/users\/3"}],"replies":[{"embeddable":true,"href":"https:\/\/wfacr.dev.ethercloud.io\/index.php?rest_route=%2Fwp%2Fv2%2Fcomments&post=36"}],"version-history":[{"count":4,"href":"https:\/\/wfacr.dev.ethercloud.io\/index.php?rest_route=\/wp\/v2\/pages\/36\/revisions"}],"predecessor-version":[{"id":52,"href":"https:\/\/wfacr.dev.ethercloud.io\/index.php?rest_route=\/wp\/v2\/pages\/36\/revisions\/52"}],"wp:attachment":[{"href":"https:\/\/wfacr.dev.ethercloud.io\/index.php?rest_route=%2Fwp%2Fv2%2Fmedia&parent=36"}],"curies":[{"name":"wp","href":"https:\/\/api.w.org\/{rel}","templated":true}]}}